{"id":342,"date":"2024-03-15T12:38:00","date_gmt":"2024-03-15T11:38:00","guid":{"rendered":"https:\/\/formation-lithotherapie-bretagne.com\/?post_type=product&#038;p=342"},"modified":"2026-02-05T10:17:37","modified_gmt":"2026-02-05T09:17:37","slug":"formations-au-soins-de-lhabitat-4-jours","status":"publish","type":"product","link":"https:\/\/formation-lithotherapie-bretagne.com\/index.php\/produit\/formations-au-soins-de-lhabitat-4-jours\/","title":{"rendered":"Formations au soins de l&rsquo;habitat &#8211; 4 jours"},"content":{"rendered":"<p><strong>Lieu du stage:<\/strong> Bretagne &#8211; Le Saint 56110 ou autre lieu \u00e0 d\u00e9finir<\/p>\n<p><strong>Programme:<\/strong><\/p>\n<p>Anim\u00e9 par Fran\u00e7ois et Chrystelle Millet.<br \/>\nPour vous, vos proches ou \u00e0 titre professionnel.<\/p>\n<p>Approche de la g\u00e9obiologie scientifique et subtile.<br \/>\nApprendre \u00e0 \u00e9tudier, analyser et apporter les am\u00e9liorations n\u00e9cessaires \u00e0 votre habitat pour votre bien-\u00eatre et votre sant\u00e9 au quotidien.<\/p>\n<p>&nbsp;<\/p>\n<p><strong>Tarif:<\/strong> 4 jours 600 \u20ac &#8211; Repas du midi 15\u20ac\/jour<\/p>\n<p>&nbsp;<\/p>\n<p>&nbsp;<\/p>\n","protected":false},"excerpt":{"rendered":"<p>Formations au soins de l&rsquo;habitat &#8211; 4 jours<\/p>\n","protected":false},"featured_media":341,"comment_status":"open","ping_status":"closed","template":"","meta":{"_uag_custom_page_level_css":"","site-sidebar-layout":"default","site-content-layout":"","ast-site-content-layout":"default","site-content-style":"default","site-sidebar-style":"default","ast-global-header-display":"","ast-banner-title-visibility":"","ast-main-header-display":"","ast-hfb-above-header-display":"","ast-hfb-below-header-display":"","ast-hfb-mobile-header-display":"","site-post-title":"","ast-breadcrumbs-content":"","ast-featured-img":"","footer-sml-layout":"","ast-disable-related-posts":"","theme-transparent-header-meta":"default","adv-header-id-meta":"","stick-header-meta":"","header-above-stick-meta":"","header-main-stick-meta":"","header-below-stick-meta":"","astra-migrate-meta-layouts":"set","ast-page-background-enabled":"default","ast-page-background-meta":{"desktop":{"background-color":"var(--ast-global-color-4)","background-image":"","background-repeat":"repeat","background-position":"center center","background-size":"auto","background-attachment":"scroll","background-type":"","background-media":"","overlay-type":"","overlay-color":"","overlay-opacity":"","overlay-gradient":""},"tablet":{"background-color":"","background-image":"","background-repeat":"repeat","background-position":"center center","background-size":"auto","background-attachment":"scroll","background-type":"","background-media":"","overlay-type":"","overlay-color":"","overlay-opacity":"","overlay-gradient":""},"mobile":{"background-color":"","background-image":"","background-repeat":"repeat","background-position":"center center","background-size":"auto","background-attachment":"scroll","background-type":"","background-media":"","overlay-type":"","overlay-color":"","overlay-opacity":"","overlay-gradient":""}},"ast-content-background-meta":{"desktop":{"background-color":"var(--ast-global-color-5)","background-image":"","background-repeat":"repeat","background-position":"center center","background-size":"auto","background-attachment":"scroll","background-type":"","background-media":"","overlay-type":"","overlay-color":"","overlay-opacity":"","overlay-gradient":""},"tablet":{"background-color":"var(--ast-global-color-5)","background-image":"","background-repeat":"repeat","background-position":"center center","background-size":"auto","background-attachment":"scroll","background-type":"","background-media":"","overlay-type":"","overlay-color":"","overlay-opacity":"","overlay-gradient":""},"mobile":{"background-color":"var(--ast-global-color-5)","background-image":"","background-repeat":"repeat","background-position":"center center","background-size":"auto","background-attachment":"scroll","background-type":"","background-media":"","overlay-type":"","overlay-color":"","overlay-opacity":"","overlay-gradient":""}}},"product_brand":[],"product_cat":[27],"product_tag":[],"class_list":{"0":"post-342","1":"product","2":"type-product","3":"status-publish","4":"has-post-thumbnail","6":"product_cat-geobiologie","7":"desktop-align-left","8":"tablet-align-left","9":"mobile-align-left","11":"first","12":"instock","13":"shipping-taxable","14":"purchasable","15":"product-type-variable"},"yoast_head":"<!-- This site is optimized with the Yoast SEO plugin v26.9 - https:\/\/yoast.com\/product\/yoast-seo-wordpress\/ -->\n<title>Formations au soins de l&#039;habitat - 4 jours - Formation Lithoth\u00e9rapie Bretagne<\/title>\n<meta name=\"robots\" content=\"index, follow, max-snippet:-1, max-image-preview:large, max-video-preview:-1\" \/>\n<link rel=\"canonical\" href=\"https:\/\/formation-lithotherapie-bretagne.com\/index.php\/produit\/formations-au-soins-de-lhabitat-4-jours\/\" \/>\n<meta property=\"og:locale\" content=\"fr_FR\" \/>\n<meta property=\"og:type\" content=\"article\" \/>\n<meta property=\"og:title\" content=\"Formations au soins de l&#039;habitat - 4 jours - Formation Lithoth\u00e9rapie Bretagne\" \/>\n<meta property=\"og:description\" content=\"Formations au soins de l&#039;habitat - 4 jours\" \/>\n<meta property=\"og:url\" content=\"https:\/\/formation-lithotherapie-bretagne.com\/index.php\/produit\/formations-au-soins-de-lhabitat-4-jours\/\" \/>\n<meta property=\"og:site_name\" content=\"Formation Lithoth\u00e9rapie Bretagne\" \/>\n<meta property=\"article:modified_time\" content=\"2026-02-05T09:17:37+00:00\" \/>\n<meta property=\"og:image\" content=\"http:\/\/formation-lithotherapie-bretagne.com\/wp-content\/uploads\/2024\/03\/bioenergie-1024x842.png\" \/>\n\t<meta property=\"og:image:width\" content=\"1024\" \/>\n\t<meta property=\"og:image:height\" content=\"842\" \/>\n\t<meta property=\"og:image:type\" content=\"image\/png\" \/>\n<meta name=\"twitter:card\" content=\"summary_large_image\" \/>\n<meta name=\"twitter:label1\" content=\"Dur\u00e9e de lecture estim\u00e9e\" \/>\n\t<meta name=\"twitter:data1\" content=\"1 minute\" \/>\n<script type=\"application\/ld+json\" class=\"yoast-schema-graph\">{\"@context\":\"https:\/\/schema.org\",\"@graph\":[{\"@type\":\"WebPage\",\"@id\":\"https:\/\/formation-lithotherapie-bretagne.com\/index.php\/produit\/formations-au-soins-de-lhabitat-4-jours\/\",\"url\":\"https:\/\/formation-lithotherapie-bretagne.com\/index.php\/produit\/formations-au-soins-de-lhabitat-4-jours\/\",\"name\":\"Formations au soins de l'habitat - 4 jours - Formation Lithoth\u00e9rapie Bretagne\",\"isPartOf\":{\"@id\":\"https:\/\/formation-lithotherapie-bretagne.com\/#website\"},\"primaryImageOfPage\":{\"@id\":\"https:\/\/formation-lithotherapie-bretagne.com\/index.php\/produit\/formations-au-soins-de-lhabitat-4-jours\/#primaryimage\"},\"image\":{\"@id\":\"https:\/\/formation-lithotherapie-bretagne.com\/index.php\/produit\/formations-au-soins-de-lhabitat-4-jours\/#primaryimage\"},\"thumbnailUrl\":\"https:\/\/formation-lithotherapie-bretagne.com\/wp-content\/uploads\/2024\/03\/bioenergie.png\",\"datePublished\":\"2024-03-15T11:38:00+00:00\",\"dateModified\":\"2026-02-05T09:17:37+00:00\",\"breadcrumb\":{\"@id\":\"https:\/\/formation-lithotherapie-bretagne.com\/index.php\/produit\/formations-au-soins-de-lhabitat-4-jours\/#breadcrumb\"},\"inLanguage\":\"fr-FR\",\"potentialAction\":[{\"@type\":\"ReadAction\",\"target\":[\"https:\/\/formation-lithotherapie-bretagne.com\/index.php\/produit\/formations-au-soins-de-lhabitat-4-jours\/\"]}]},{\"@type\":\"ImageObject\",\"inLanguage\":\"fr-FR\",\"@id\":\"https:\/\/formation-lithotherapie-bretagne.com\/index.php\/produit\/formations-au-soins-de-lhabitat-4-jours\/#primaryimage\",\"url\":\"https:\/\/formation-lithotherapie-bretagne.com\/wp-content\/uploads\/2024\/03\/bioenergie.png\",\"contentUrl\":\"https:\/\/formation-lithotherapie-bretagne.com\/wp-content\/uploads\/2024\/03\/bioenergie.png\",\"width\":1676,\"height\":1378},{\"@type\":\"BreadcrumbList\",\"@id\":\"https:\/\/formation-lithotherapie-bretagne.com\/index.php\/produit\/formations-au-soins-de-lhabitat-4-jours\/#breadcrumb\",\"itemListElement\":[{\"@type\":\"ListItem\",\"position\":1,\"name\":\"Accueil\",\"item\":\"https:\/\/formation-lithotherapie-bretagne.com\/\"},{\"@type\":\"ListItem\",\"position\":2,\"name\":\"Formations\/Stages\",\"item\":\"https:\/\/formation-lithotherapie-bretagne.com\/index.php\/boutique\/\"},{\"@type\":\"ListItem\",\"position\":3,\"name\":\"Formations au soins de l&#8217;habitat &#8211; 4 jours\"}]},{\"@type\":\"WebSite\",\"@id\":\"https:\/\/formation-lithotherapie-bretagne.com\/#website\",\"url\":\"https:\/\/formation-lithotherapie-bretagne.com\/\",\"name\":\"Formation Lithoth\u00e9rapie Bretagne\",\"description\":\"Formation Lithoth\u00e9rapie en Bretagne\",\"potentialAction\":[{\"@type\":\"SearchAction\",\"target\":{\"@type\":\"EntryPoint\",\"urlTemplate\":\"https:\/\/formation-lithotherapie-bretagne.com\/?s={search_term_string}\"},\"query-input\":{\"@type\":\"PropertyValueSpecification\",\"valueRequired\":true,\"valueName\":\"search_term_string\"}}],\"inLanguage\":\"fr-FR\"}]}<\/script>\n<!-- \/ Yoast SEO plugin. -->","yoast_head_json":{"title":"Formations au soins de l'habitat - 4 jours - Formation Lithoth\u00e9rapie Bretagne","robots":{"index":"index","follow":"follow","max-snippet":"max-snippet:-1","max-image-preview":"max-image-preview:large","max-video-preview":"max-video-preview:-1"},"canonical":"https:\/\/formation-lithotherapie-bretagne.com\/index.php\/produit\/formations-au-soins-de-lhabitat-4-jours\/","og_locale":"fr_FR","og_type":"article","og_title":"Formations au soins de l'habitat - 4 jours - Formation Lithoth\u00e9rapie Bretagne","og_description":"Formations au soins de l'habitat - 4 jours","og_url":"https:\/\/formation-lithotherapie-bretagne.com\/index.php\/produit\/formations-au-soins-de-lhabitat-4-jours\/","og_site_name":"Formation Lithoth\u00e9rapie Bretagne","article_modified_time":"2026-02-05T09:17:37+00:00","og_image":[{"width":1024,"height":842,"url":"http:\/\/formation-lithotherapie-bretagne.com\/wp-content\/uploads\/2024\/03\/bioenergie-1024x842.png","type":"image\/png"}],"twitter_card":"summary_large_image","twitter_misc":{"Dur\u00e9e de lecture estim\u00e9e":"1 minute"},"schema":{"@context":"https:\/\/schema.org","@graph":[{"@type":"WebPage","@id":"https:\/\/formation-lithotherapie-bretagne.com\/index.php\/produit\/formations-au-soins-de-lhabitat-4-jours\/","url":"https:\/\/formation-lithotherapie-bretagne.com\/index.php\/produit\/formations-au-soins-de-lhabitat-4-jours\/","name":"Formations au soins de l'habitat - 4 jours - Formation Lithoth\u00e9rapie Bretagne","isPartOf":{"@id":"https:\/\/formation-lithotherapie-bretagne.com\/#website"},"primaryImageOfPage":{"@id":"https:\/\/formation-lithotherapie-bretagne.com\/index.php\/produit\/formations-au-soins-de-lhabitat-4-jours\/#primaryimage"},"image":{"@id":"https:\/\/formation-lithotherapie-bretagne.com\/index.php\/produit\/formations-au-soins-de-lhabitat-4-jours\/#primaryimage"},"thumbnailUrl":"https:\/\/formation-lithotherapie-bretagne.com\/wp-content\/uploads\/2024\/03\/bioenergie.png","datePublished":"2024-03-15T11:38:00+00:00","dateModified":"2026-02-05T09:17:37+00:00","breadcrumb":{"@id":"https:\/\/formation-lithotherapie-bretagne.com\/index.php\/produit\/formations-au-soins-de-lhabitat-4-jours\/#breadcrumb"},"inLanguage":"fr-FR","potentialAction":[{"@type":"ReadAction","target":["https:\/\/formation-lithotherapie-bretagne.com\/index.php\/produit\/formations-au-soins-de-lhabitat-4-jours\/"]}]},{"@type":"ImageObject","inLanguage":"fr-FR","@id":"https:\/\/formation-lithotherapie-bretagne.com\/index.php\/produit\/formations-au-soins-de-lhabitat-4-jours\/#primaryimage","url":"https:\/\/formation-lithotherapie-bretagne.com\/wp-content\/uploads\/2024\/03\/bioenergie.png","contentUrl":"https:\/\/formation-lithotherapie-bretagne.com\/wp-content\/uploads\/2024\/03\/bioenergie.png","width":1676,"height":1378},{"@type":"BreadcrumbList","@id":"https:\/\/formation-lithotherapie-bretagne.com\/index.php\/produit\/formations-au-soins-de-lhabitat-4-jours\/#breadcrumb","itemListElement":[{"@type":"ListItem","position":1,"name":"Accueil","item":"https:\/\/formation-lithotherapie-bretagne.com\/"},{"@type":"ListItem","position":2,"name":"Formations\/Stages","item":"https:\/\/formation-lithotherapie-bretagne.com\/index.php\/boutique\/"},{"@type":"ListItem","position":3,"name":"Formations au soins de l&#8217;habitat &#8211; 4 jours"}]},{"@type":"WebSite","@id":"https:\/\/formation-lithotherapie-bretagne.com\/#website","url":"https:\/\/formation-lithotherapie-bretagne.com\/","name":"Formation Lithoth\u00e9rapie Bretagne","description":"Formation Lithoth\u00e9rapie en Bretagne","potentialAction":[{"@type":"SearchAction","target":{"@type":"EntryPoint","urlTemplate":"https:\/\/formation-lithotherapie-bretagne.com\/?s={search_term_string}"},"query-input":{"@type":"PropertyValueSpecification","valueRequired":true,"valueName":"search_term_string"}}],"inLanguage":"fr-FR"}]}},"uagb_featured_image_src":{"full":["https:\/\/formation-lithotherapie-bretagne.com\/wp-content\/uploads\/2024\/03\/bioenergie.png",1676,1378,false],"thumbnail":["https:\/\/formation-lithotherapie-bretagne.com\/wp-content\/uploads\/2024\/03\/bioenergie-150x150.png",150,150,true],"medium":["https:\/\/formation-lithotherapie-bretagne.com\/wp-content\/uploads\/2024\/03\/bioenergie-300x247.png",300,247,true],"medium_large":["https:\/\/formation-lithotherapie-bretagne.com\/wp-content\/uploads\/2024\/03\/bioenergie-768x631.png",768,631,true],"large":["https:\/\/formation-lithotherapie-bretagne.com\/wp-content\/uploads\/2024\/03\/bioenergie-1024x842.png",1024,842,true],"1536x1536":["https:\/\/formation-lithotherapie-bretagne.com\/wp-content\/uploads\/2024\/03\/bioenergie-1536x1263.png",1536,1263,true],"2048x2048":["https:\/\/formation-lithotherapie-bretagne.com\/wp-content\/uploads\/2024\/03\/bioenergie.png",1676,1378,false],"woocommerce_thumbnail":["https:\/\/formation-lithotherapie-bretagne.com\/wp-content\/uploads\/2024\/03\/bioenergie-300x300.png",300,300,true],"woocommerce_single":["https:\/\/formation-lithotherapie-bretagne.com\/wp-content\/uploads\/2024\/03\/bioenergie-600x493.png",600,493,true],"woocommerce_gallery_thumbnail":["https:\/\/formation-lithotherapie-bretagne.com\/wp-content\/uploads\/2024\/03\/bioenergie-100x100.png",100,100,true]},"uagb_author_info":{"display_name":"Chrystelle","author_link":"https:\/\/formation-lithotherapie-bretagne.com\/index.php\/author\/"},"uagb_comment_info":0,"uagb_excerpt":"Formations au soins de l'habitat - 4 jours","_links":{"self":[{"href":"https:\/\/formation-lithotherapie-bretagne.com\/index.php\/wp-json\/wp\/v2\/product\/342","targetHints":{"allow":["GET"]}}],"collection":[{"href":"https:\/\/formation-lithotherapie-bretagne.com\/index.php\/wp-json\/wp\/v2\/product"}],"about":[{"href":"https:\/\/formation-lithotherapie-bretagne.com\/index.php\/wp-json\/wp\/v2\/types\/product"}],"replies":[{"embeddable":true,"href":"https:\/\/formation-lithotherapie-bretagne.com\/index.php\/wp-json\/wp\/v2\/comments?post=342"}],"wp:featuredmedia":[{"embeddable":true,"href":"https:\/\/formation-lithotherapie-bretagne.com\/index.php\/wp-json\/wp\/v2\/media\/341"}],"wp:attachment":[{"href":"https:\/\/formation-lithotherapie-bretagne.com\/index.php\/wp-json\/wp\/v2\/media?parent=342"}],"wp:term":[{"taxonomy":"product_brand","embeddable":true,"href":"https:\/\/formation-lithotherapie-bretagne.com\/index.php\/wp-json\/wp\/v2\/product_brand?post=342"},{"taxonomy":"product_cat","embeddable":true,"href":"https:\/\/formation-lithotherapie-bretagne.com\/index.php\/wp-json\/wp\/v2\/product_cat?post=342"},{"taxonomy":"product_tag","embeddable":true,"href":"https:\/\/formation-lithotherapie-bretagne.com\/index.php\/wp-json\/wp\/v2\/product_tag?post=342"}],"curies":[{"name":"wp","href":"https:\/\/api.w.org\/{rel}","templated":true}]}}