{"id":157,"date":"2024-02-27T16:48:34","date_gmt":"2024-02-27T15:48:34","guid":{"rendered":"https:\/\/formation-lithotherapie-bretagne.com\/?page_id=157"},"modified":"2025-04-11T19:54:39","modified_gmt":"2025-04-11T17:54:39","slug":"contact-formation-lithotherapie-bretagne","status":"publish","type":"page","link":"https:\/\/formation-lithotherapie-bretagne.com\/index.php\/contact-formation-lithotherapie-bretagne\/","title":{"rendered":"Contact"},"content":{"rendered":"\n<p>Formulaire de Contact &#8211; Formation Lithoth\u00e9rapie Bretagne<\/p>\n\n\n\n<div class=\"wpcf7 no-js\" id=\"wpcf7-f616-o1\" lang=\"fr-FR\" dir=\"ltr\" data-wpcf7-id=\"616\">\n<div class=\"screen-reader-response\"><p role=\"status\" aria-live=\"polite\" aria-atomic=\"true\"><\/p> <ul><\/ul><\/div>\n<form action=\"\/index.php\/wp-json\/wp\/v2\/pages\/157#wpcf7-f616-o1\" method=\"post\" class=\"wpcf7-form init\" aria-label=\"Formulaire de contact\" novalidate=\"novalidate\" data-status=\"init\">\n<fieldset class=\"hidden-fields-container\"><input type=\"hidden\" name=\"_wpcf7\" value=\"616\" \/><input type=\"hidden\" name=\"_wpcf7_version\" value=\"6.1.4\" \/><input type=\"hidden\" name=\"_wpcf7_locale\" value=\"fr_FR\" \/><input type=\"hidden\" name=\"_wpcf7_unit_tag\" value=\"wpcf7-f616-o1\" \/><input type=\"hidden\" name=\"_wpcf7_container_post\" value=\"0\" \/><input type=\"hidden\" name=\"_wpcf7_posted_data_hash\" value=\"\" \/><input type=\"hidden\" name=\"_wpcf7_recaptcha_response\" value=\"\" \/>\n<\/fieldset>\n<p><label> Votre nom<br \/>\n<span class=\"wpcf7-form-control-wrap\" data-name=\"your-name\"><input size=\"40\" maxlength=\"400\" class=\"wpcf7-form-control wpcf7-text wpcf7-validates-as-required\" autocomplete=\"name\" aria-required=\"true\" aria-invalid=\"false\" value=\"\" type=\"text\" name=\"your-name\" \/><\/span> <\/label>\n<\/p>\n<p><label> Votre e-mail<br \/>\n<span class=\"wpcf7-form-control-wrap\" data-name=\"your-email\"><input size=\"40\" maxlength=\"400\" class=\"wpcf7-form-control wpcf7-email wpcf7-validates-as-required wpcf7-text wpcf7-validates-as-email\" autocomplete=\"email\" aria-required=\"true\" aria-invalid=\"false\" value=\"\" type=\"email\" name=\"your-email\" \/><\/span> <\/label>\n<\/p>\n<p><label> Votre T\u00e9l\u00e9phone<br \/>\n<span class=\"wpcf7-form-control-wrap\" data-name=\"tel-871\"><input size=\"40\" maxlength=\"10\" class=\"wpcf7-form-control wpcf7-tel wpcf7-text wpcf7-validates-as-tel\" aria-invalid=\"false\" placeholder=\"0601020304\" value=\"\" type=\"tel\" name=\"tel-871\" \/><\/span><\/label>\n<\/p>\n<p><label> Objet<br \/>\n<span class=\"wpcf7-form-control-wrap\" data-name=\"your-subject\"><input size=\"40\" maxlength=\"400\" class=\"wpcf7-form-control wpcf7-text wpcf7-validates-as-required\" aria-required=\"true\" aria-invalid=\"false\" value=\"\" type=\"text\" name=\"your-subject\" \/><\/span> <\/label>\n<\/p>\n<p><label> Votre message (facultatif)<br \/>\n<span class=\"wpcf7-form-control-wrap\" data-name=\"your-message\"><textarea cols=\"40\" rows=\"10\" maxlength=\"2000\" class=\"wpcf7-form-control wpcf7-textarea\" aria-invalid=\"false\" name=\"your-message\"><\/textarea><\/span> <\/label>\n<\/p>\n<p><input class=\"wpcf7-form-control wpcf7-submit has-spinner\" type=\"submit\" value=\"Envoyer\" \/>\n<\/p><p style=\"display: none !important;\" class=\"akismet-fields-container\" data-prefix=\"_wpcf7_ak_\"><label>&#916;<textarea name=\"_wpcf7_ak_hp_textarea\" cols=\"45\" rows=\"8\" maxlength=\"100\"><\/textarea><\/label><input type=\"hidden\" id=\"ak_js_1\" name=\"_wpcf7_ak_js\" value=\"152\"\/><script>document.getElementById( \"ak_js_1\" ).setAttribute( \"value\", ( new Date() ).getTime() );<\/script><\/p><div class=\"wpcf7-response-output\" aria-hidden=\"true\"><\/div>\n<\/form>\n<\/div>\n\n\n\n\n<p><\/p>\n\n\n\n<h2 class=\"wp-block-heading\">Renseignements et conseils&nbsp;aupr\u00e8s de <a href=\"https:\/\/formation-lithotherapie-bretagne.com\/index.php\/qui-suis-je\/\">Chrystelle Millet<\/a> :<\/h2>\n\n\n\n<div class=\"wp-block-group is-vertical is-layout-flex wp-container-core-group-is-layout-fe9cc265 wp-block-group-is-layout-flex\">\n<div class=\"wp-block-columns is-layout-flex wp-container-core-columns-is-layout-28f84493 wp-block-columns-is-layout-flex\">\n<div class=\"wp-block-column is-layout-flow wp-block-column-is-layout-flow\" style=\"flex-basis:33.33%\">\n<figure class=\"wp-block-image size-full\"><img fetchpriority=\"high\" decoding=\"async\" width=\"958\" height=\"532\" src=\"http:\/\/formation-lithotherapie-bretagne.com\/wp-content\/uploads\/2024\/02\/Situation.png\" alt=\"\" class=\"wp-image-152\" srcset=\"https:\/\/formation-lithotherapie-bretagne.com\/wp-content\/uploads\/2024\/02\/Situation.png 958w, https:\/\/formation-lithotherapie-bretagne.com\/wp-content\/uploads\/2024\/02\/Situation-300x167.png 300w, https:\/\/formation-lithotherapie-bretagne.com\/wp-content\/uploads\/2024\/02\/Situation-768x426.png 768w, https:\/\/formation-lithotherapie-bretagne.com\/wp-content\/uploads\/2024\/02\/Situation-600x333.png 600w\" sizes=\"(max-width: 958px) 100vw, 958px\" \/><\/figure>\n<\/div>\n\n\n\n<div class=\"wp-block-column is-layout-flow wp-block-column-is-layout-flow\" style=\"flex-basis:66.66%\">\n<h3 class=\"wp-block-heading\">Adresse<\/h3>\n\n\n\n<p>Saint Gilles, 56110 Le Saint<\/p>\n\n\n\n<h3 class=\"wp-block-heading\">Email<\/h3>\n\n\n\n<p>chrystellemillet@gmail.com<\/p>\n\n\n\n<h3 class=\"wp-block-heading\">T\u00e9l\u00e9phone<\/h3>\n\n\n\n<p>06 30 69 90 19<\/p>\n<\/div>\n<\/div>\n<\/div>\n\n\n\n<p class=\"has-text-align-right\">Partenaire de l&rsquo;IFEL: <a href=\"https:\/\/lithotherapie-ifel.fr\/\">https:\/\/lithotherapie-ifel.fr\/<\/a><\/p>\n\n\n\n<p><\/p>\n","protected":false},"excerpt":{"rendered":"<p>Formulaire de Contact &#8211; Formation Lithoth\u00e9rapie Bretagne Renseignements et conseils&nbsp;aupr\u00e8s de Chrystelle Millet : Adresse Saint Gilles, 56110 Le Saint Email chrystellemillet@gmail.com T\u00e9l\u00e9phone 06 30 69 90 19 Partenaire de [&hellip;]<\/p>\n","protected":false},"author":1,"featured_media":0,"parent":0,"menu_order":0,"comment_status":"closed","ping_status":"closed","template":"","meta":{"_uag_custom_page_level_css":"","site-sidebar-layout":"default","site-content-layout":"","ast-site-content-layout":"default","site-content-style":"default","site-sidebar-style":"default","ast-global-header-display":"","ast-banner-title-visibility":"","ast-main-header-display":"","ast-hfb-above-header-display":"","ast-hfb-below-header-display":"","ast-hfb-mobile-header-display":"","site-post-title":"","ast-breadcrumbs-content":"","ast-featured-img":"","footer-sml-layout":"","ast-disable-related-posts":"","theme-transparent-header-meta":"","adv-header-id-meta":"","stick-header-meta":"","header-above-stick-meta":"","header-main-stick-meta":"","header-below-stick-meta":"","astra-migrate-meta-layouts":"default","ast-page-background-enabled":"default","ast-page-background-meta":{"desktop":{"background-color":"var(--ast-global-color-4)","background-image":"","background-repeat":"repeat","background-position":"center center","background-size":"auto","background-attachment":"scroll","background-type":"","background-media":"","overlay-type":"","overlay-color":"","overlay-opacity":"","overlay-gradient":""},"tablet":{"background-color":"","background-image":"","background-repeat":"repeat","background-position":"center center","background-size":"auto","background-attachment":"scroll","background-type":"","background-media":"","overlay-type":"","overlay-color":"","overlay-opacity":"","overlay-gradient":""},"mobile":{"background-color":"","background-image":"","background-repeat":"repeat","background-position":"center center","background-size":"auto","background-attachment":"scroll","background-type":"","background-media":"","overlay-type":"","overlay-color":"","overlay-opacity":"","overlay-gradient":""}},"ast-content-background-meta":{"desktop":{"background-color":"var(--ast-global-color-5)","background-image":"","background-repeat":"repeat","background-position":"center center","background-size":"auto","background-attachment":"scroll","background-type":"","background-media":"","overlay-type":"","overlay-color":"","overlay-opacity":"","overlay-gradient":""},"tablet":{"background-color":"var(--ast-global-color-5)","background-image":"","background-repeat":"repeat","background-position":"center center","background-size":"auto","background-attachment":"scroll","background-type":"","background-media":"","overlay-type":"","overlay-color":"","overlay-opacity":"","overlay-gradient":""},"mobile":{"background-color":"var(--ast-global-color-5)","background-image":"","background-repeat":"repeat","background-position":"center center","background-size":"auto","background-attachment":"scroll","background-type":"","background-media":"","overlay-type":"","overlay-color":"","overlay-opacity":"","overlay-gradient":""}},"footnotes":""},"class_list":["post-157","page","type-page","status-publish","hentry"],"yoast_head":"<!-- This site is optimized with the Yoast SEO plugin v26.9 - https:\/\/yoast.com\/product\/yoast-seo-wordpress\/ -->\n<title>Contact - Formation Lithoth\u00e9rapie Bretagne<\/title>\n<meta name=\"description\" content=\"Page de contact Formation Lithoth\u00e9rapie Bretagne - Chrystelle Millet T\u00e9l\u00e9phone Adresse E-mail et Formulaire de contact\" \/>\n<meta name=\"robots\" content=\"index, follow, max-snippet:-1, max-image-preview:large, max-video-preview:-1\" \/>\n<link rel=\"canonical\" href=\"https:\/\/formation-lithotherapie-bretagne.com\/index.php\/contact-formation-lithotherapie-bretagne\/\" \/>\n<meta property=\"og:locale\" content=\"fr_FR\" \/>\n<meta property=\"og:type\" content=\"article\" \/>\n<meta property=\"og:title\" content=\"Contact - Formation Lithoth\u00e9rapie Bretagne\" \/>\n<meta property=\"og:description\" content=\"Page de contact Formation Lithoth\u00e9rapie Bretagne - Chrystelle Millet T\u00e9l\u00e9phone Adresse E-mail et Formulaire de contact\" \/>\n<meta property=\"og:url\" content=\"https:\/\/formation-lithotherapie-bretagne.com\/index.php\/contact-formation-lithotherapie-bretagne\/\" \/>\n<meta property=\"og:site_name\" content=\"Formation Lithoth\u00e9rapie Bretagne\" \/>\n<meta property=\"article:modified_time\" content=\"2025-04-11T17:54:39+00:00\" \/>\n<meta property=\"og:image\" content=\"https:\/\/formation-lithotherapie-bretagne.com\/wp-content\/uploads\/2024\/02\/Situation.png\" \/>\n\t<meta property=\"og:image:width\" content=\"958\" \/>\n\t<meta property=\"og:image:height\" content=\"532\" \/>\n\t<meta property=\"og:image:type\" content=\"image\/png\" \/>\n<meta name=\"twitter:card\" content=\"summary_large_image\" \/>\n<meta name=\"twitter:label1\" content=\"Dur\u00e9e de lecture estim\u00e9e\" \/>\n\t<meta name=\"twitter:data1\" content=\"1 minute\" \/>\n<script type=\"application\/ld+json\" class=\"yoast-schema-graph\">{\"@context\":\"https:\/\/schema.org\",\"@graph\":[{\"@type\":\"WebPage\",\"@id\":\"https:\/\/formation-lithotherapie-bretagne.com\/index.php\/contact-formation-lithotherapie-bretagne\/\",\"url\":\"https:\/\/formation-lithotherapie-bretagne.com\/index.php\/contact-formation-lithotherapie-bretagne\/\",\"name\":\"Contact - Formation Lithoth\u00e9rapie Bretagne\",\"isPartOf\":{\"@id\":\"https:\/\/formation-lithotherapie-bretagne.com\/#website\"},\"primaryImageOfPage\":{\"@id\":\"https:\/\/formation-lithotherapie-bretagne.com\/index.php\/contact-formation-lithotherapie-bretagne\/#primaryimage\"},\"image\":{\"@id\":\"https:\/\/formation-lithotherapie-bretagne.com\/index.php\/contact-formation-lithotherapie-bretagne\/#primaryimage\"},\"thumbnailUrl\":\"http:\/\/formation-lithotherapie-bretagne.com\/wp-content\/uploads\/2024\/02\/Situation.png\",\"datePublished\":\"2024-02-27T15:48:34+00:00\",\"dateModified\":\"2025-04-11T17:54:39+00:00\",\"description\":\"Page de contact Formation Lithoth\u00e9rapie Bretagne - Chrystelle Millet T\u00e9l\u00e9phone Adresse E-mail et Formulaire de contact\",\"breadcrumb\":{\"@id\":\"https:\/\/formation-lithotherapie-bretagne.com\/index.php\/contact-formation-lithotherapie-bretagne\/#breadcrumb\"},\"inLanguage\":\"fr-FR\",\"potentialAction\":[{\"@type\":\"ReadAction\",\"target\":[\"https:\/\/formation-lithotherapie-bretagne.com\/index.php\/contact-formation-lithotherapie-bretagne\/\"]}]},{\"@type\":\"ImageObject\",\"inLanguage\":\"fr-FR\",\"@id\":\"https:\/\/formation-lithotherapie-bretagne.com\/index.php\/contact-formation-lithotherapie-bretagne\/#primaryimage\",\"url\":\"http:\/\/formation-lithotherapie-bretagne.com\/wp-content\/uploads\/2024\/02\/Situation.png\",\"contentUrl\":\"http:\/\/formation-lithotherapie-bretagne.com\/wp-content\/uploads\/2024\/02\/Situation.png\"},{\"@type\":\"BreadcrumbList\",\"@id\":\"https:\/\/formation-lithotherapie-bretagne.com\/index.php\/contact-formation-lithotherapie-bretagne\/#breadcrumb\",\"itemListElement\":[{\"@type\":\"ListItem\",\"position\":1,\"name\":\"Accueil\",\"item\":\"https:\/\/formation-lithotherapie-bretagne.com\/\"},{\"@type\":\"ListItem\",\"position\":2,\"name\":\"Contact\"}]},{\"@type\":\"WebSite\",\"@id\":\"https:\/\/formation-lithotherapie-bretagne.com\/#website\",\"url\":\"https:\/\/formation-lithotherapie-bretagne.com\/\",\"name\":\"Formation Lithoth\u00e9rapie Bretagne\",\"description\":\"Formation Lithoth\u00e9rapie en Bretagne\",\"potentialAction\":[{\"@type\":\"SearchAction\",\"target\":{\"@type\":\"EntryPoint\",\"urlTemplate\":\"https:\/\/formation-lithotherapie-bretagne.com\/?s={search_term_string}\"},\"query-input\":{\"@type\":\"PropertyValueSpecification\",\"valueRequired\":true,\"valueName\":\"search_term_string\"}}],\"inLanguage\":\"fr-FR\"}]}<\/script>\n<!-- \/ Yoast SEO plugin. -->","yoast_head_json":{"title":"Contact - Formation Lithoth\u00e9rapie Bretagne","description":"Page de contact Formation Lithoth\u00e9rapie Bretagne - Chrystelle Millet T\u00e9l\u00e9phone Adresse E-mail et Formulaire de contact","robots":{"index":"index","follow":"follow","max-snippet":"max-snippet:-1","max-image-preview":"max-image-preview:large","max-video-preview":"max-video-preview:-1"},"canonical":"https:\/\/formation-lithotherapie-bretagne.com\/index.php\/contact-formation-lithotherapie-bretagne\/","og_locale":"fr_FR","og_type":"article","og_title":"Contact - Formation Lithoth\u00e9rapie Bretagne","og_description":"Page de contact Formation Lithoth\u00e9rapie Bretagne - Chrystelle Millet T\u00e9l\u00e9phone Adresse E-mail et Formulaire de contact","og_url":"https:\/\/formation-lithotherapie-bretagne.com\/index.php\/contact-formation-lithotherapie-bretagne\/","og_site_name":"Formation Lithoth\u00e9rapie Bretagne","article_modified_time":"2025-04-11T17:54:39+00:00","og_image":[{"width":958,"height":532,"url":"https:\/\/formation-lithotherapie-bretagne.com\/wp-content\/uploads\/2024\/02\/Situation.png","type":"image\/png"}],"twitter_card":"summary_large_image","twitter_misc":{"Dur\u00e9e de lecture estim\u00e9e":"1 minute"},"schema":{"@context":"https:\/\/schema.org","@graph":[{"@type":"WebPage","@id":"https:\/\/formation-lithotherapie-bretagne.com\/index.php\/contact-formation-lithotherapie-bretagne\/","url":"https:\/\/formation-lithotherapie-bretagne.com\/index.php\/contact-formation-lithotherapie-bretagne\/","name":"Contact - Formation Lithoth\u00e9rapie Bretagne","isPartOf":{"@id":"https:\/\/formation-lithotherapie-bretagne.com\/#website"},"primaryImageOfPage":{"@id":"https:\/\/formation-lithotherapie-bretagne.com\/index.php\/contact-formation-lithotherapie-bretagne\/#primaryimage"},"image":{"@id":"https:\/\/formation-lithotherapie-bretagne.com\/index.php\/contact-formation-lithotherapie-bretagne\/#primaryimage"},"thumbnailUrl":"http:\/\/formation-lithotherapie-bretagne.com\/wp-content\/uploads\/2024\/02\/Situation.png","datePublished":"2024-02-27T15:48:34+00:00","dateModified":"2025-04-11T17:54:39+00:00","description":"Page de contact Formation Lithoth\u00e9rapie Bretagne - Chrystelle Millet T\u00e9l\u00e9phone Adresse E-mail et Formulaire de contact","breadcrumb":{"@id":"https:\/\/formation-lithotherapie-bretagne.com\/index.php\/contact-formation-lithotherapie-bretagne\/#breadcrumb"},"inLanguage":"fr-FR","potentialAction":[{"@type":"ReadAction","target":["https:\/\/formation-lithotherapie-bretagne.com\/index.php\/contact-formation-lithotherapie-bretagne\/"]}]},{"@type":"ImageObject","inLanguage":"fr-FR","@id":"https:\/\/formation-lithotherapie-bretagne.com\/index.php\/contact-formation-lithotherapie-bretagne\/#primaryimage","url":"http:\/\/formation-lithotherapie-bretagne.com\/wp-content\/uploads\/2024\/02\/Situation.png","contentUrl":"http:\/\/formation-lithotherapie-bretagne.com\/wp-content\/uploads\/2024\/02\/Situation.png"},{"@type":"BreadcrumbList","@id":"https:\/\/formation-lithotherapie-bretagne.com\/index.php\/contact-formation-lithotherapie-bretagne\/#breadcrumb","itemListElement":[{"@type":"ListItem","position":1,"name":"Accueil","item":"https:\/\/formation-lithotherapie-bretagne.com\/"},{"@type":"ListItem","position":2,"name":"Contact"}]},{"@type":"WebSite","@id":"https:\/\/formation-lithotherapie-bretagne.com\/#website","url":"https:\/\/formation-lithotherapie-bretagne.com\/","name":"Formation Lithoth\u00e9rapie Bretagne","description":"Formation Lithoth\u00e9rapie en Bretagne","potentialAction":[{"@type":"SearchAction","target":{"@type":"EntryPoint","urlTemplate":"https:\/\/formation-lithotherapie-bretagne.com\/?s={search_term_string}"},"query-input":{"@type":"PropertyValueSpecification","valueRequired":true,"valueName":"search_term_string"}}],"inLanguage":"fr-FR"}]}},"uagb_featured_image_src":{"full":false,"thumbnail":false,"medium":false,"medium_large":false,"large":false,"1536x1536":false,"2048x2048":false,"woocommerce_thumbnail":false,"woocommerce_single":false,"woocommerce_gallery_thumbnail":false},"uagb_author_info":{"display_name":"Chrystelle","author_link":"https:\/\/formation-lithotherapie-bretagne.com\/index.php\/author\/admin3598\/"},"uagb_comment_info":0,"uagb_excerpt":"Formulaire de Contact &#8211; Formation Lithoth\u00e9rapie Bretagne Renseignements et conseils&nbsp;aupr\u00e8s de Chrystelle Millet : Adresse Saint Gilles, 56110 Le Saint Email chrystellemillet@gmail.com T\u00e9l\u00e9phone 06 30 69 90 19 Partenaire de [&hellip;]","_links":{"self":[{"href":"https:\/\/formation-lithotherapie-bretagne.com\/index.php\/wp-json\/wp\/v2\/pages\/157","targetHints":{"allow":["GET"]}}],"collection":[{"href":"https:\/\/formation-lithotherapie-bretagne.com\/index.php\/wp-json\/wp\/v2\/pages"}],"about":[{"href":"https:\/\/formation-lithotherapie-bretagne.com\/index.php\/wp-json\/wp\/v2\/types\/page"}],"author":[{"embeddable":true,"href":"https:\/\/formation-lithotherapie-bretagne.com\/index.php\/wp-json\/wp\/v2\/users\/1"}],"replies":[{"embeddable":true,"href":"https:\/\/formation-lithotherapie-bretagne.com\/index.php\/wp-json\/wp\/v2\/comments?post=157"}],"version-history":[{"count":17,"href":"https:\/\/formation-lithotherapie-bretagne.com\/index.php\/wp-json\/wp\/v2\/pages\/157\/revisions"}],"predecessor-version":[{"id":617,"href":"https:\/\/formation-lithotherapie-bretagne.com\/index.php\/wp-json\/wp\/v2\/pages\/157\/revisions\/617"}],"wp:attachment":[{"href":"https:\/\/formation-lithotherapie-bretagne.com\/index.php\/wp-json\/wp\/v2\/media?parent=157"}],"curies":[{"name":"wp","href":"https:\/\/api.w.org\/{rel}","templated":true}]}}